{"id":832,"date":"2025-07-12T18:00:51","date_gmt":"2025-07-13T00:00:51","guid":{"rendered":"https:\/\/institutosanangelinn.edu.mx\/secundaria\/?page_id=832"},"modified":"2025-09-01T19:50:44","modified_gmt":"2025-09-02T01:50:44","slug":"avisos-sep","status":"publish","type":"page","link":"https:\/\/institutosanangelinn.edu.mx\/secundaria\/avisos-sep\/","title":{"rendered":"Avisos SEP"},"content":{"rendered":"\n<div class=\"wp-block-stackable-heading stk-block-heading stk-block-heading--v2 stk-block stk-0dfdd61\" id=\"avisos-oficiales-de-la-secretaria-de-educacion-publica-sep\" data-block-id=\"0dfdd61\"><h4 class=\"stk-block-heading__text\">Avisos Oficiales de la Secretar\u00eda de Educaci\u00f3n P\u00fablica (SEP)<\/h4><\/div>\n\n\n\n<p class=\"has-medium-font-size\">En esta secci\u00f3n encontrar\u00e1 informaci\u00f3n y comunicados oficiales emitidos por la <strong>Secretar\u00eda de Educaci\u00f3n P\u00fablica (SEP)<\/strong>, que son de inter\u00e9s y cumplimiento para nuestra comunidad escolar. Aqu\u00ed publicamos de forma oportuna circulares, lineamientos, fechas clave, disposiciones acad\u00e9micas y cualquier aviso importante que impacte en el calendario, tr\u00e1mites, evaluaciones o procesos administrativos.<\/p>\n\n\n\n<p class=\"has-medium-font-size\">Nuestro compromiso es mantener informados a todos los padres de familia, garantizando transparencia y acceso claro a la normativa vigente que rige el funcionamiento de nuestra instituci\u00f3n.<\/p>\n\n\n\n<p class=\"has-medium-font-size\"><strong>Le invitamos a consultar esta secci\u00f3n de forma peri\u00f3dica para estar al tanto de actualizaciones y disposiciones que apoyan el buen desarrollo escolar de sus hijos.<\/strong><\/p>\n\n\n\n<div class=\"wp-block-stackable-spacer stk-block-spacer stk--no-padding stk-block stk-5f6b5fa\" data-block-id=\"5f6b5fa\"><\/div>\n\n\n\n<div class=\"wp-block-stackable-heading stk-block-heading stk-block-heading--v2 stk-block stk-b23757b\" id=\"indice\" data-block-id=\"b23757b\"><h4 class=\"stk-block-heading__text\">\u00cdndice<\/h4><\/div>\n\n\n\n<ul class=\"wp-block-list\">\n<li class=\"has-medium-font-size\"><a href=\"#marco-para-la-convivencia\">Marco para la Convivencia<\/a><\/li>\n\n\n\n<li class=\"has-medium-font-size\"><a href=\"#guia-operativa\">Gu\u00eda Operativa de Secundaras Particulares<\/a><\/li>\n\n\n\n<li class=\"has-medium-font-size\"><a href=\"#protocolo-para-la-erradicacion-del-acoso-escolar\">Protocolo para la erradicaci\u00f3n del acoso escolar<\/a><\/li>\n\n\n\n<li class=\"has-medium-font-size\"><\/li>\n\n\n\n<li class=\"has-medium-font-size\"><\/li>\n<\/ul>\n\n\n\n<div class=\"wp-block-stackable-spacer stk-block-spacer stk--no-padding stk-block stk-bd16a72\" data-block-id=\"bd16a72\"><\/div>\n\n\n\n<div class=\"wp-block-stackable-columns stk-block-columns stk-block stk-8ae3154\" data-block-id=\"8ae3154\"><div class=\"stk-row stk-inner-blocks stk-block-content stk-content-align stk-8ae3154-column\">\n<div class=\"wp-block-stackable-column stk-block-column stk-column stk-block stk-a08e3a5\" data-v=\"4\" data-block-id=\"a08e3a5\"><div class=\"stk-column-wrapper stk-block-column__content stk-container stk-a08e3a5-container stk--no-background stk--no-padding\"><div class=\"stk-block-content stk-inner-blocks stk-a08e3a5-inner-blocks\">\n<div class=\"wp-block-stackable-heading stk-block-heading stk-block-heading--v2 stk-block stk-baf6a8a stk-block-background\" id=\"marco-para-la-convivencia\" data-block-id=\"baf6a8a\"><style>.stk-baf6a8a {background-color:var(--theme-palette-color-1, #022567) !important;}.stk-baf6a8a:before{background-color:var(--theme-palette-color-1, #022567) !important;}.stk-baf6a8a .stk-block-heading__text{color:var(--theme-palette-color-8, #ffffff) !important;}<\/style><h2 class=\"stk-block-heading__text has-text-color\">Marco para la Convivencia<\/h2><\/div>\n<\/div><\/div><\/div>\n<\/div><\/div>\n\n\n\n<div data-wp-interactive=\"core\/file\" class=\"wp-block-file\"><object data-wp-bind--hidden=\"!state.hasPdfPreview\" hidden class=\"wp-block-file__embed\" data=\"https:\/\/institutosanangelinn.edu.mx\/secundaria\/wp-content\/uploads\/2025\/07\/marco-para-la-convivencia-escolar-secundaria-ciudad-mexico.pdf\" type=\"application\/pdf\" style=\"width:100%;height:600px\" aria-label=\"Incrustado de marco-para-la-convivencia-escolar-secundaria-ciudad-mexico.\"><\/object><a id=\"wp-block-file--media-f0482170-778d-4889-9a18-02cdced42276\" href=\"https:\/\/institutosanangelinn.edu.mx\/secundaria\/wp-content\/uploads\/2025\/07\/marco-para-la-convivencia-escolar-secundaria-ciudad-mexico.pdf\">marco-para-la-convivencia-escolar-secundaria-ciudad-mexico<\/a><a href=\"https:\/\/institutosanangelinn.edu.mx\/secundaria\/wp-content\/uploads\/2025\/07\/marco-para-la-convivencia-escolar-secundaria-ciudad-mexico.pdf\" class=\"wp-block-file__button wp-element-button\" download aria-describedby=\"wp-block-file--media-f0482170-778d-4889-9a18-02cdced42276\">Descarga<\/a><\/div>\n\n\n\n<div class=\"wp-block-stackable-spacer stk-block-spacer stk--no-padding stk-block stk-6ac2674\" data-block-id=\"6ac2674\"><style>.stk-6ac2674 {height:300px !important;}<\/style><\/div>\n\n\n\n<div class=\"wp-block-stackable-heading stk-block-heading stk-block-heading--v2 stk-block stk-2d9d2bf stk-block-background\" id=\"guia-operativa\" data-block-id=\"2d9d2bf\"><style>.stk-2d9d2bf {background-color:var(--theme-palette-color-1, #022567) !important;}.stk-2d9d2bf:before{background-color:var(--theme-palette-color-1, #022567) !important;}.stk-2d9d2bf .stk-block-heading__text{color:var(--theme-palette-color-8, #ffffff) !important;}<\/style><h2 class=\"stk-block-heading__text has-text-color\">Gu\u00eda operativa<\/h2><\/div>\n\n\n\n<div data-wp-interactive=\"core\/file\" class=\"wp-block-file\"><object data-wp-bind--hidden=\"!state.hasPdfPreview\" hidden class=\"wp-block-file__embed\" data=\"https:\/\/institutosanangelinn.edu.mx\/secundaria\/wp-content\/uploads\/2025\/07\/guia_operativa_particulares_2023.pdf\" type=\"application\/pdf\" style=\"width:100%;height:600px\" aria-label=\"Incrustado de guia_operativa_particulares_2023.\"><\/object><a id=\"wp-block-file--media-bfce6367-1e4a-43ce-9fad-732713e1283c\" href=\"https:\/\/institutosanangelinn.edu.mx\/secundaria\/wp-content\/uploads\/2025\/07\/guia_operativa_particulares_2023.pdf\">guia_operativa_particulares_2023<\/a><a href=\"https:\/\/institutosanangelinn.edu.mx\/secundaria\/wp-content\/uploads\/2025\/07\/guia_operativa_particulares_2023.pdf\" class=\"wp-block-file__button wp-element-button\" download aria-describedby=\"wp-block-file--media-bfce6367-1e4a-43ce-9fad-732713e1283c\">Descarga<\/a><\/div>\n\n\n\n<div class=\"wp-block-stackable-spacer stk-block-spacer stk--no-padding stk-block stk-bc61503\" data-block-id=\"bc61503\"><style>.stk-bc61503 {height:200px !important;}<\/style><\/div>\n\n\n\n<div class=\"wp-block-stackable-heading stk-block-heading stk-block-heading--v2 stk-block stk-6bf3c8c stk-block-background\" id=\"protocolo-para-la-erradicacion-del-acoso-escolar\" data-block-id=\"6bf3c8c\"><style>.stk-6bf3c8c {background-color:var(--theme-palette-color-1, #022567) !important;}.stk-6bf3c8c:before{background-color:var(--theme-palette-color-1, #022567) !important;}.stk-6bf3c8c .stk-block-heading__text{color:var(--theme-palette-color-8, #ffffff) !important;}<\/style><h2 class=\"stk-block-heading__text has-text-color\">Protocolo para la erradicaci\u00f3n del acoso escolar<\/h2><\/div>\n\n\n\n<div data-wp-interactive=\"core\/file\" class=\"wp-block-file\"><object data-wp-bind--hidden=\"!state.hasPdfPreview\" hidden class=\"wp-block-file__embed\" data=\"https:\/\/institutosanangelinn.edu.mx\/secundaria\/wp-content\/uploads\/2025\/08\/Protocolo-erradicacion-acoso-escolar.pdf\" type=\"application\/pdf\" style=\"width:100%;height:600px\" aria-label=\"Incrustado de Protocolo-erradicacion-acoso-escolar.\"><\/object><a id=\"wp-block-file--media-c9980a95-5f93-4907-b216-9c3a86386ee5\" href=\"https:\/\/institutosanangelinn.edu.mx\/secundaria\/wp-content\/uploads\/2025\/08\/Protocolo-erradicacion-acoso-escolar.pdf\">Protocolo-erradicacion-acoso-escolar<\/a><a href=\"https:\/\/institutosanangelinn.edu.mx\/secundaria\/wp-content\/uploads\/2025\/08\/Protocolo-erradicacion-acoso-escolar.pdf\" class=\"wp-block-file__button wp-element-button\" download aria-describedby=\"wp-block-file--media-c9980a95-5f93-4907-b216-9c3a86386ee5\">Descarga<\/a><\/div>\n","protected":false},"excerpt":{"rendered":"<p>Avisos Oficiales de la Secretar\u00eda de Educaci\u00f3n P\u00fablica (SEP) En esta secci\u00f3n encontrar\u00e1 informaci\u00f3n y comunicados oficiales emitidos por la Secretar\u00eda de Educaci\u00f3n P\u00fablica (SEP), que son de inter\u00e9s y cumplimiento para nuestra comunidad escolar. Aqu\u00ed publicamos de forma oportuna circulares, lineamientos, fechas clave, disposiciones acad\u00e9micas y cualquier aviso importante que impacte en el calendario, [&hellip;]<\/p>\n","protected":false},"author":2,"featured_media":0,"parent":0,"menu_order":0,"comment_status":"closed","ping_status":"closed","template":"","meta":{"_gspb_post_css":"","footnotes":""},"folder":[30],"class_list":["post-832","page","type-page","status-publish","hentry"],"blocksy_meta":[],"_links":{"self":[{"href":"https:\/\/institutosanangelinn.edu.mx\/secundaria\/wp-json\/wp\/v2\/pages\/832","targetHints":{"allow":["GET"]}}],"collection":[{"href":"https:\/\/institutosanangelinn.edu.mx\/secundaria\/wp-json\/wp\/v2\/pages"}],"about":[{"href":"https:\/\/institutosanangelinn.edu.mx\/secundaria\/wp-json\/wp\/v2\/types\/page"}],"author":[{"embeddable":true,"href":"https:\/\/institutosanangelinn.edu.mx\/secundaria\/wp-json\/wp\/v2\/users\/2"}],"replies":[{"embeddable":true,"href":"https:\/\/institutosanangelinn.edu.mx\/secundaria\/wp-json\/wp\/v2\/comments?post=832"}],"version-history":[{"count":7,"href":"https:\/\/institutosanangelinn.edu.mx\/secundaria\/wp-json\/wp\/v2\/pages\/832\/revisions"}],"predecessor-version":[{"id":1129,"href":"https:\/\/institutosanangelinn.edu.mx\/secundaria\/wp-json\/wp\/v2\/pages\/832\/revisions\/1129"}],"wp:attachment":[{"href":"https:\/\/institutosanangelinn.edu.mx\/secundaria\/wp-json\/wp\/v2\/media?parent=832"}],"wp:term":[{"taxonomy":"folder","embeddable":true,"href":"https:\/\/institutosanangelinn.edu.mx\/secundaria\/wp-json\/wp\/v2\/folder?post=832"}],"curies":[{"name":"wp","href":"https:\/\/api.w.org\/{rel}","templated":true}]}}